{"id":6086,"date":"2023-03-24T00:44:05","date_gmt":"2023-03-23T23:44:05","guid":{"rendered":"http:\/\/zdrowypies.com\/?page_id=6086"},"modified":"2023-07-06T14:10:37","modified_gmt":"2023-07-06T12:10:37","slug":"polityka-prywatnosci","status":"publish","type":"page","link":"https:\/\/health-research.info\/pl\/polityka-prywatnosci\/","title":{"rendered":"Polityka Prywatno\u015bci"},"content":{"rendered":"\n<p>I. POLITYKA PRYWATNO\u015aCI<\/p>\n\n\n\n<p>1. Administratorem Danych Osobowych na stronie internetowej pod adresem: zdrowy-pies.com, jest Refoamed sp. z o. o., Pasa\u017c ursynowski 11\/78, 02-784, Warszawa, Polska, NIP: 9512514698,REGON: 388236058<\/p>\n\n\n\n<p>2. Szanuj\u0105c Pa\u0144stwa prawa jako podmiot\u00f3w danych osobowych (os\u00f3b, kt\u00f3rych dane dotycz\u0105) oraz respektuj\u0105c obowi\u0105zuj\u0105ce przepisy prawa, w tym w szczeg\u00f3lno\u015bci Rozporz\u0105dzenie Parlamentu Europejskiego i Rady (UE) 2016\/679 z dnia 27 kwietnia 2016 r. w sprawie ochrony os\u00f3b fizycznych w zwi\u0105zku z przetwarzaniem danych osobowych i w sprawie swobodnego przep\u0142ywu takich danych oraz uchylenia dyrektywy 95\/46\/WE (og\u00f3lne rozporz\u0105dzenie o ochronie danych), zwane dalej RODO, ustaw\u0119 z dnia 10 maja 2018 r. o ochronie danych osobowych (Dz. U. poz. 1000, zwan\u0105 dalej Ustaw\u0105) i inne w\u0142a\u015bciwe przepisy o ochronie danych osobowych, zobowi\u0105zujemy si\u0119 do zachowania bezpiecze\u0144stwa i poufno\u015bci pozyskanych od Pa\u0144stwa danych osobowych. Wszyscy pracownicy zostali odpowiednio przeszkoleni w zakresie przetwarzania danych osobowych, a nasza firma jako Administrator Danych Osobowych wdro\u017cy\u0142a odpowiednie zabezpieczenia oraz \u015brodki techniczne i organizacyjne w celu zapewnienia najwy\u017cszego stopnia ochrony danych osobowych. Posiadamy wdro\u017cone procedury i polityki ochrony danych osobowych zgodne z RODO, dzi\u0119ki kt\u00f3rym zapewniamy zgodno\u015b\u0107 z prawem oraz rzetelno\u015b\u0107 proces\u00f3w przetwarzania danych, a tak\u017ce egzekwowalno\u015b\u0107 wszelkich praw przys\u0142uguj\u0105cych Pa\u0144stwu jako osobom, kt\u00f3rych dane dotycz\u0105. Dodatkowo w razie konieczno\u015bci wsp\u00f3\u0142pracujemy z organem nadzorczym na terenie Rzeczpospolitej Polskiej tj. z Prezesem Urz\u0119du Ochrony Danych Osobowych (zwanym dalej PUODO).<\/p>\n\n\n\n<p>3. Wszelkie zapytania, wnioski, skargi dotycz\u0105ce przetwarzania danych osobowych przez nasz\u0105 firm\u0119 (Administratora Danych Osobowych), zwane dalej Zg\u0142oszeniami, nale\u017cy kierowa\u0107 na nast\u0119puj\u0105cy adres e-mail: office@refoamed.com lub w formie pisemnej na adres Administratora Danych Osobowych tj. Refoamed sp. z o. o., Pasa\u017c ursynowski 11\/78, 02-784, Warszawa, Polska, NIP: 9512514698,REGON: 388236058<\/p>\n\n\n\n<p>4. W tre\u015bci Zg\u0142oszenia nale\u017cy w spos\u00f3b wyra\u017any wskaza\u0107:<\/p>\n\n\n\n<p>a) dane osoby lub os\u00f3b, kt\u00f3rych dotyczy Zg\u0142oszenie,<\/p>\n\n\n\n<p>b) zdarzenie, kt\u00f3re jest powodem Zg\u0142oszenia,<\/p>\n\n\n\n<p>c) przedstawi\u0107 swoje \u017c\u0105dania oraz podstaw\u0119 prawn\u0105 tych \u017c\u0105da\u0144,<\/p>\n\n\n\n<p>d) wskaza\u0107 oczekiwany spos\u00f3b za\u0142atwienia sprawy.<\/p>\n\n\n\n<p>5. Na naszej stronie internetowej zbieramy nast\u0119puj\u0105ce dane osobowe:<\/p>\n\n\n\n<p>a) imi\u0119 \u2013 podczas wype\u0142niania formularza kontaktowego b\u0119d\u0105 Pa\u0144stwo poproszeni o podanie swojego imienia, aby\u015bmy mieli mo\u017cliwo\u015b\u0107 nawi\u0105zania z Pa\u0144stwem kontaktu przez formularz znajduj\u0105cy si\u0119 na naszej stronie internetowej.<\/p>\n\n\n\n<p>b) adres e-mail \u2013 poprzez adres e-mail wysy\u0142amy do Pa\u0144stwa potwierdzenie zapisania si\u0119 do newslettera oraz wype\u0142nienia formularza kontaktowego.<\/p>\n\n\n\n<p>c) adres IP urz\u0105dzenia \u2013 informacje wynikaj\u0105ce z og\u00f3lnych zasad po\u0142\u0105cze\u0144 realizowanych w Internecie takie jak adres IP (oraz inne informacje zawarte w logach systemowych) wykorzystywane s\u0105 przez administratora Strony internetowej w celach technicznych. Adresy IP mog\u0105 te\u017c by\u0107 wykorzystywane w celach statystycznych, w tym w szczeg\u00f3lno\u015bci do zbierania og\u00f3lnych informacji demograficznych (np. o regionie, z kt\u00f3rego nast\u0119puje po\u0142\u0105czenie).<\/p>\n\n\n\n<p>6. Podanie danych wskazanych w punkcie poprzedzaj\u0105cym jest konieczne w nast\u0119puj\u0105cych przypadkach: przy wype\u0142nianiu formularza kontaktowego na naszej Stronie internetowej, w celu uzyskania odpowiedzi na wys\u0142ane zapytanie za pomoc\u0105 formularza kontaktowego znajduj\u0105cego si\u0119 na naszej stronie internetowej.<\/p>\n\n\n\n<p>7. Nasza Strona internetowa wykorzystuje technologi\u0119 Cookies w celu dostosowania jego funkcjonowania do Pa\u0144stwa indywidualnych potrzeb. W zwi\u0105zku z tym mog\u0105 Pa\u0144stwo zgodzi\u0107 si\u0119 na to, aby wpisane przez Pa\u0144stwa dane i informacje zosta\u0142y zapami\u0119tane, dzi\u0119ki czemu mo\u017cliwe b\u0119dzie korzystanie z nich przy nast\u0119pnych odwiedzinach naszej Strony internetowej bez potrzeby powt\u00f3rnego ich wpisywania. W\u0142a\u015bciciele innych witryn nie b\u0119d\u0105 mieli dost\u0119pu do tych danych i informacji. Je\u017celi natomiast nie zgadzaj\u0105 si\u0119 Pa\u0144stwo na personalizowanie Strony internetowej, proponujemy wy\u0142\u0105czenie obs\u0142ugi plik\u00f3w Cookies w opcjach swojej przegl\u0105darki internetowej.<\/p>\n\n\n\n<p>8. Ka\u017cdy z Pa\u0144stwa jako osoba korzystaj\u0105ca z naszej Strony internetowej ma mo\u017cliwo\u015b\u0107 wyboru, czy i w jakim zakresie chce korzysta\u0107 z naszych us\u0142ug oraz udost\u0119pnia\u0107 informacje i dane o sobie w zakresie okre\u015blonym tre\u015bci\u0105 niniejszej Polityki prywatno\u015bci.<\/p>\n\n\n\n<p>9. Pa\u0144stwa dane osobowe przetwarzane s\u0105 przez nasz\u0105 firm\u0119 jako Administratora Danych Osobowych w celu realizacji zg\u0142osze\u0144 wys\u0142anych przez formularz kontaktowy. Zgodnie z zasad\u0105 minimalizacji przetwarzamy wy\u0142\u0105cznie te kategorie danych osobowych, kt\u00f3re s\u0105 niezb\u0119dne do osi\u0105gni\u0119cia cel\u00f3w, o kt\u00f3rych mowa w zdaniu poprzedzaj\u0105cym.<\/p>\n\n\n\n<p>10. Dane osobowe przetwarzamy przez czas niezb\u0119dny do osi\u0105gni\u0119cia cel\u00f3w wymienionych w punkcie poprzedzaj\u0105cym. Dane osobowe mog\u0105 by\u0107 przetwarzane przez okres d\u0142u\u017cszy ni\u017c wskazany w zdaniu poprzedzaj\u0105cym, w przypadku gdy takie uprawnienie lub obowi\u0105zek na\u0142o\u017cony na Administratora Danych Osobowych wynika ze szczeg\u00f3lnych przepis\u00f3w prawa lub gdy us\u0142uga, kt\u00f3r\u0105 wykonujemy ma charakter ci\u0105g\u0142y.<\/p>\n\n\n\n<p>11. \u0179r\u00f3d\u0142em przetwarzanych przez Administratora Danych Osobowych s\u0105 osoby, kt\u00f3rych dane dotycz\u0105.<\/p>\n\n\n\n<p>12. Pa\u0144stwa dane osobowe nie s\u0105 przekazywane do pa\u0144stwa trzeciego w rozumieniu przepis\u00f3w RODO.<\/p>\n\n\n\n<p>13. \u017badnych danych osobowych nie udost\u0119pniamy podmiotom trzecim, bez wyra\u017anej zgody osoby, kt\u00f3rej dane dotycz\u0105. Dane osobowe bez zgody osoby, kt\u00f3rej dane dotycz\u0105, mog\u0105 by\u0107 udost\u0119pniane wy\u0142\u0105cznie podmiotom prawa publicznego tj. organom w\u0142adzy i administracji (np. organom podatkowym, organom \u015bcigania i innym podmiotom posiadaj\u0105cym umocowanie w powszechnie obowi\u0105zuj\u0105cych przepisach prawa).<\/p>\n\n\n\n<p>14. Dane osobowe mog\u0105 by\u0107 powierzane do przetwarzania podmiotom przetwarzaj\u0105cym takie dane na rzecz naszej firmy jako Administratora Danych Osobowych. W takiej sytuacji jako Administrator Danych Osobowych zawieramy z podmiotem przetwarzaj\u0105cym umow\u0119 powierzenia przetwarzania danych osobowych. Podmiot przetwarzaj\u0105cy przetwarza powierzone dane osobowe, ale wy\u0142\u0105cznie na potrzeby, w zakresie i w celach wskazanych w umowie powierzenia, o kt\u00f3rej mowa w zdaniu poprzedzaj\u0105cych. Bez powierzenia Pa\u0144stwa danych osobowych do przetwarzania nie mogliby\u015bmy prowadzi\u0107 swojej dzia\u0142alno\u015bci w ramach Strony internetowej ani dostarcza\u0107 Pa\u0144stwu odpowiedzi na zadane pytania. Jako Administrator Danych Osobowych powierzamy dane osobowe do przetwarzania podmiotom:<\/p>\n\n\n\n<p>a) \u015bwiadcz\u0105cym us\u0142ugi hostingowe na rzecz strony internetowej, na kt\u00f3rej dzia\u0142a nasza Strona internetowa,<\/p>\n\n\n\n<p>b) \u015bwiadcz\u0105cym us\u0142ugi pocztowe,<\/p>\n\n\n\n<p>c) \u015bwiadcz\u0105cym inne us\u0142ugi na nasz\u0105 rzecz jako Administratora danych osobowych, kt\u00f3re s\u0105 niezb\u0119dne do bie\u017c\u0105cego funkcjonowania Sklepu internetowego.<\/p>\n\n\n\n<p>Dane osobowe nie podlegaj\u0105 profilowaniu przez Administratora Danych Osobowych.<\/p>\n\n\n\n<p>16. Zgodnie z przepisami RODO ka\u017cda osoba, kt\u00f3rej dane osobowe przetwarzamy jako Administrator Danych Osobowych ma prawo do:<\/p>\n\n\n\n<p>a) bycia informowanym o przetwarzaniu danych osobowych, o kt\u00f3rym mowa w art. 12 RODO \u2013 Administrator jest zobowi\u0105zany przekaza\u0107 Pa\u0144stwu jako osobom, kt\u00f3rych dane b\u0119d\u0105 przetwarzane, okre\u015blonych w RODO informacji (m.in. o swoich danych, danych kontaktowych IOD, celach oraz podstawach prawnych przetwarzania danych osobowych, odbiorcach lub kategoriach odbiorc\u00f3w danych osobowych, o ile istniej\u0105 czy o okresie przez kt\u00f3ry dane b\u0119d\u0105 przetwarzane lub o kryteriach ustalania tego okresu); obowi\u0105zek ten nale\u017cy spe\u0142ni\u0107 ju\u017c w momencie pozyskiwania danych (czyli np. podczas wysy\u0142ania przez osob\u0119 formularza kontaktowego na stronie internetowej), a je\u017celi danych nie uzyskuje si\u0119 od osoby, kt\u00f3rej dane dotycz\u0105, lecz z innego \u017ar\u00f3d\u0142a \u2013 w rozs\u0105dnym terminie, zale\u017cnie od okoliczno\u015bci; Administrator mo\u017ce zaniecha\u0107 podawania tych informacji, je\u015bli osoba kt\u00f3rej dane dotycz\u0105, ju\u017c nimi dysponuje,<\/p>\n\n\n\n<p>b) dost\u0119pu do swoich danych osobowych, o kt\u00f3rym mowa w art. 15 RODO \u2013 podaj\u0105c nam dane osobowe, maj\u0105 Pa\u0144stwo prawo uzyska\u0107 do nich wgl\u0105d i dost\u0119p; nie oznacza to jednak, \u017ce maj\u0105 Pa\u0144stwo prawo dost\u0119pu do wszystkich dokument\u00f3w, na kt\u00f3rych Pa\u0144stwa dane widniej\u0105, poniewa\u017c mog\u0105 one zawiera\u0107 informacje poufne; maj\u0105 jednak Pa\u0144stwo prawo do informacji jakie Pa\u0144stwa dane i w jakim celu przetwarzamy oraz prawo do uzyskania kopii swoich danych osobowych, przy czym pierwsz\u0105 kopi\u0119 wydajemy bezp\u0142atnie, a za ka\u017cd\u0105 kolejn\u0105 zgodnie z przepisami RODO pobieramy odpowiedni\u0105 op\u0142at\u0119 administracyjn\u0105 odpowiadaj\u0105c\u0105 kosztom sporz\u0105dzenia kopii,<\/p>\n\n\n\n<p>c) poprawiania, uzupe\u0142niania, uaktualniania, sprostowania danych osobowych, o kt\u00f3rych mowa w art. 16 RODO \u2013 je\u017celi Pa\u0144stwa dane osobowe uleg\u0142y zmianie, prosimy o poinformowanie nas jako Administratora Danych Osobowych o tym fakcie, aby posiadane przez nas dane by\u0142y zgodne ze stanem rzeczywistym oraz aktualne; r\u00f3wnie\u017c w sytuacji, gdy nie nast\u0105pi\u0142a \u017cadna zmiana danych osobowych, ale z jakichkolwiek wzgl\u0119d\u00f3w dane te s\u0105 nieprawid\u0142owe lub zosta\u0142y zapisane w spos\u00f3b niepoprawny (np. na skutek omy\u0142ki pisarskiej), prosimy o informacj\u0119 w celu poprawienia lub sprostowania takich danych,<\/p>\n\n\n\n<p>d) usuni\u0119cia danych (prawo do bycia zapomnianym), o kt\u00f3rym mowa w art. 17 RODO \u2013 innymi s\u0142owy maj\u0105 Pa\u0144stwo prawo \u017c\u0105dania \u201eskasowania\u201d danych posiadanych przez nas jako Administratora Danych Osobowych oraz prawo do wyst\u0105pienia do nas jako Administratora Danych Osobowych, aby\u015bmy poinformowali innych administrator\u00f3w, kt\u00f3rym przekazali\u015bmy Pa\u0144stwa dane o konieczno\u015bci ich usuni\u0119cia. Mog\u0105 Pa\u0144stwo \u017c\u0105da\u0107 usuni\u0119cia swoich danych osobowych przede wszystkim, gdy:<\/p>\n\n\n\n<p>cele, do kt\u00f3rych dane osobowe zosta\u0142y pobrane, zosta\u0142 osi\u0105gni\u0119ty np. zrealizowali\u015bmy w ca\u0142o\u015bci zawart\u0105 z Pa\u0144stwem umow\u0119 sprzeda\u017cy, podstaw\u0105 przetwarzania Pa\u0144stwa danych osobowych by\u0142a wy\u0142\u0105cznie zgoda, kt\u00f3ra nast\u0119pnie zosta\u0142a cofni\u0119ta i nie ma innych podstaw prawnych do dalszego przetwarzania Pa\u0144stwa danych osobowych, wnie\u015bli Pa\u0144stwo sprzeciw w oparciu o art. 21 RODO i uwa\u017caj\u0105 Pa\u0144stwo, \u017ce nie mamy \u017cadnych nadrz\u0119dnych podstaw prawnych pozwalaj\u0105cych na dalsze przetwarzanie Pa\u0144stwa danych osobowych, Pa\u0144stwa dane osobowe by\u0142y przetwarzane niezgodnie z prawem tzn. w celach niezgodnych z prawem lub bez jakiejkolwiek podstawy do przetwarzania danych osobowych \u2013 prosz\u0119 pami\u0119ta\u0107, \u017ce w takim przypadku musz\u0105 Pa\u0144stwo mie\u0107 podstaw\u0119 do swojego \u017c\u0105dania, konieczno\u015b\u0107 usuni\u0119cia Pa\u0144stwa danych osobowych wynika z przepis\u00f3w prawa, dane osobowe dotycz\u0105 osoby ma\u0142oletniej i zosta\u0142y zebrane w zwi\u0105zku ze \u015bwiadczeniem us\u0142ug spo\u0142ecze\u0144stwa informacyjnego,<\/p>\n\n\n\n<p>e) ograniczenia przetwarzania, o kt\u00f3rym mowa w art. 18 RODO \u2013 mog\u0105 si\u0119 Pa\u0144stwo zg\u0142osi\u0107 do naszej firmy z \u017c\u0105daniem ograniczenia przetwarzania Pa\u0144stwa danych osobowych (co polega\u0142oby na tym, \u017ce do czasu wyja\u015bnienia spawy nasza firma przede wszystkim jedynie by przechowywa\u0142a), je\u017celi: kwestionuj\u0105 Pa\u0144stwo prawid\u0142owo\u015b\u0107 swoich danych osobowych, lub uwa\u017caj\u0105 Pa\u0144stwo, \u017ce przetwarzamy Pa\u0144stwa dane bez podstawy prawnej, ale jednocze\u015bnie nie chc\u0105 Pa\u0144stwo, aby\u015bmy usuwali te dane osobowe (czyli nie korzystaj\u0105 Pa\u0144stwo z uprawnienia, o kt\u00f3rym mowa w literze poprzedzaj\u0105cej), lub z\u0142o\u017cyli Pa\u0144stwo sprzeciw, o kt\u00f3rym mowa w lit. f) niniejszego punktu, lub Pa\u0144stwa dane osobowe s\u0105 potrzebne do ustalenia, dochodzenia lub obrony roszcze\u0144 np. przed s\u0105dem,<\/p>\n\n\n\n<p>f) przenoszenia danych, o kt\u00f3rym mowa w art. 20 RODO \u2013 maj\u0105 Pa\u0144stwo prawo uzyskania swoich danych w formacie umo\u017cliwiaj\u0105cym odczyt tych danych na komputerze oraz prawo do przes\u0142ania tych danych w takim formacie do innego administratora; prawo to przys\u0142uguje Pa\u0144stwu jedynie w\u00f3wczas, gdy podstaw\u0105 przetwarzania Pa\u0144stwa danych by\u0142a zgoda lub dane te by\u0142y przetwarzane w spos\u00f3b automatyczny,<\/p>\n\n\n\n<p>g) wniesienia sprzeciwu od przetwarzania danych osobowych, o czym mowa w art. 21 RODO \u2013 maj\u0105 Pa\u0144stwo prawo wnie\u015b\u0107 sprzeciw, je\u017celi nie zgadzaj\u0105 si\u0119 Pa\u0144stwo na przetwarzanie przez nas danych osobowych, kt\u00f3re dotychczas przetwarzali\u015bmy w uzasadnionych celach zgodnych z przepisami prawa; w szczeg\u00f3lno\u015bci prawo do sprzeciwu przys\u0142uguje wobec przetwarzania Pa\u0144stwa danych osobowych dla potrzeb marketingu bezpo\u015bredniego,<\/p>\n\n\n\n<p>h) niepodlegania pro\ufb01lowaniu, o kt\u00f3rym mowa w art. 22 w zw. z art. 4 pkt 4 RODO \u2013 w naszym Sklepie internetowym nie b\u0119d\u0105 Pa\u0144stwo podlegali zautomatyzowanemu podejmowaniu decyzji ani profilowaniu w rozumieniu RODO, chyba \u017ce wyra\u017c\u0105 Pa\u0144stwo na to zgod\u0119; dodatkowo zawsze b\u0119dziemy Pa\u0144stwa informowali o profilowaniu, gdyby mia\u0142o ono mie\u0107 miejsce,<\/p>\n\n\n\n<p>i) wniesienia skargi do organu nadzorczego (tj. do Prezesa Urz\u0119du Ochrony Danych Osobowych), o kt\u00f3rym mowa w art. 77 RODO \u2013 je\u017celi uznaj\u0105 Pa\u0144stwo \u017ce przetwarzamy Pa\u0144stwa dane osobowe niezgodnie z prawem lub w jakikolwiek spos\u00f3b naruszamy uprawnienia wynikaj\u0105ce z powszechnie obowi\u0105zuj\u0105cych przepis\u00f3w prawa z zakresu ochrony danych osobowych.<\/p>\n\n\n\n<p>17. W odniesieniu do prawa do usuni\u0119cia danych (prawa do bycia zapomnianym), zaznaczamy, \u017ce zgodnie z przepisami RODO nie maj\u0105 Pa\u0144stwa prawa do skorzystania z tego uprawnienia, je\u017celi:<\/p>\n\n\n\n<p>a) przetwarzanie Pa\u0144stwa danych osobowych jest niezb\u0119dne do skorzystania z prawa do wolno\u015bci wypowiedzi i informacji np. je\u017celi zamie\u015bcili Pa\u0144stwo swoje dane na blogu, w komentarzach itp.,<\/p>\n\n\n\n<p>b) przetwarzanie danych osobowych jest konieczne dla wywi\u0105zania si\u0119 przez nasz\u0105 firm\u0119 z obowi\u0105zk\u00f3w prawnych wynikaj\u0105cego z przepis\u00f3w \u2013 nie mo\u017cemy usun\u0105\u0107 Pa\u0144stwa danych przez okres niezb\u0119dny do wywi\u0105zania si\u0119 z obowi\u0105zk\u00f3w (np. podatkowych), kt\u00f3re nak\u0142adaj\u0105 na nas przepisy prawa,<\/p>\n\n\n\n<p>c) przetwarzanie Pa\u0144stwa danych jest dokonywane na potrzeby dochodzenia, ustalenia lub obrony roszcze\u0144.<\/p>\n\n\n\n<p>18. Je\u017celi chc\u0105 Pa\u0144stwo skorzysta\u0107 ze swoich praw, o kt\u00f3rych mowa w punkcie poprzedzaj\u0105cym, prosz\u0119 u\u017cy\u0107 w\u0142a\u015bciwych zak\u0142adek w Serwisie internetowym, kt\u00f3re pozwalaj\u0105 usun\u0105\u0107 Pa\u0144stwa konto i dane zgromadzone w naszym Serwisie internetowym lub prosz\u0119 przes\u0142a\u0107 wiadomo\u015b\u0107 drog\u0105 poczty elektronicznej na adres e-mail: office@refoamed.com lub w formie pisemnej na adres korespondencyjny, o kt\u00f3rym mowa w pkt. 3 powy\u017cej.<\/p>\n\n\n\n<p>19. Ka\u017cdy stwierdzony przypadek naruszenia bezpiecze\u0144stwa jest dokumentowany, a w razie wyst\u0105pienia jednej z sytuacji okre\u015blonych w przepisach RODO lub Ustawy, o takim naruszeniu przepis\u00f3w o ochronie danych osobowych informowane s\u0105 osoby, kt\u00f3rych dane dotycz\u0105, oraz \u2013 je\u017celi ma to zastosowanie \u2013 PUODO.<\/p>\n\n\n\n<p>20. Wszelkie s\u0142owa pisane wielk\u0105 liter\u0105 maj\u0105 znaczenie nadane im w Regulaminie naszego Sklepu internetowego, chyba \u017ce co innego wynika z tre\u015bci niniejszej Polityki prywatno\u015bci.<\/p>\n\n\n\n<p>21. W kwestiach nieuregulowanych niniejsz\u0105 Polityk\u0105 prywatno\u015bci, odpowiednie zastosowanie maj\u0105 w\u0142a\u015bciwe przepisy prawa powszechnie obowi\u0105zuj\u0105cego. W przypadku niezgodno\u015bci postanowie\u0144 niniejszej Polityki prywatno\u015bci z powy\u017cszymi przepisami, pierwsze\u0144stwo maj\u0105 te przepisy.<\/p>\n\n\n\n<p>II. POLITYKA PLIK\u00d3W COOKIES<\/p>\n\n\n\n<p>I. DEFINICJE<\/p>\n\n\n\n<p>1. Administrator \u2013 Refoamed sp. z o. o., Pasa\u017c ursynowski 11\/78, 02-784, Warszawa, Polska, NIP: 9512514698,REGON: 388236058<\/p>\n\n\n\n<p>Cookies \u2013 dane informatyczne, niewielkie pliki tekstowe, zapisywane i przechowywane na Urz\u0105dzeniach, za po\u015brednictwem kt\u00f3rych U\u017cytkownik korzysta ze strony internetowej Administratora.<\/p>\n\n\n\n<p>2. Urz\u0105dzenie \u2013 elektroniczne urz\u0105dzenie, za po\u015brednictwem kt\u00f3rego U\u017cytkownik uzyskuje dost\u0119p do strony internetowej Administratora.<\/p>\n\n\n\n<p>3. U\u017cytkownik \u2013 oznacza podmiot, na rzecz kt\u00f3rego zgodnie z Regulaminem i przepisami prawa mog\u0105 by\u0107 \u015bwiadczone us\u0142ugi drog\u0105 elektroniczn\u0105 lub z kt\u00f3rym zawarta mo\u017ce by\u0107 Umowa o \u015bwiadczenie us\u0142ug drog\u0105 elektroniczn\u0105.<\/p>\n\n\n\n<p>II. STOSOWANIE PLIK\u00d3W COOKIES<\/p>\n\n\n\n<p>1. Administrator za po\u015brednictwem strony internetowej wykorzystuje pliki Cookies.<\/p>\n\n\n\n<p>2. Informacje zgromadzone na podstawie plik\u00f3w Cookies wykorzystywane s\u0105 w celach w\u0142a\u015bciwej optymalizacji dzia\u0142ania strony internetowej, a tak\u017ce w celach statystycznych oraz reklamowych.<\/p>\n\n\n\n<p>3. Pliki Cookies rejestruj\u0105 aktywno\u015b\u0107 U\u017cytkownika strony internetowej rozpoznaj\u0105c Urz\u0105dzenie, dzi\u0119ki czemu strona internetowa wy\u015bwietlana jest w spos\u00f3b zoptymalizowany do indywidualnych preferencji U\u017cytkownika.<\/p>\n\n\n\n<p>4. Stosowane na stronie internetowej rozwi\u0105zania s\u0105 bezpieczne dla Urz\u0105dze\u0144 U\u017cytkownik\u00f3w korzystaj\u0105cych ze strony internetowej Administratora. Nie jest mo\u017cliwe przedostanie si\u0119 do Urz\u0105dze\u0144 U\u017cytkownik\u00f3w niebezpiecznego lub z\u0142o\u015bliwego oprogramowania.<\/p>\n\n\n\n<p>5. Administrator wykorzystuje dwa typy plik\u00f3w Cookies:<\/p>\n\n\n\n<p>a) Cookies sesyjne: to pliki, kt\u00f3re s\u0105 przechowywane na Urz\u0105dzeniu U\u017cytkownika i pozostaj\u0105 tam do momentu zako\u0144czenia sesji danej przegl\u0105darki. Zapisane informacje s\u0105 w\u00f3wczas trwale usuwane z pami\u0119ci Urz\u0105dzenia. Mechanizm Cookies sesyjnych nie pozwala na pobieranie jakichkolwiek danych osobowych ani \u017cadnych informacji poufnych z Urz\u0105dzenia U\u017cytkownika.<\/p>\n\n\n\n<p>b) Cookies trwa\u0142e: s\u0105 przechowywane na Urz\u0105dzeniu U\u017cytkownika i pozostaj\u0105 tam do momentu ich skasowania. Zako\u0144czenie sesji danej przegl\u0105darki lub wy\u0142\u0105czenie Urz\u0105dzenia nie powoduje ich usuni\u0119cia z Urz\u0105dzenia. Mechanizm Cookies trwa\u0142ych nie pozwala na pobieranie jakichkolwiek danych osobowych ani \u017cadnych informacji poufnych z Urz\u0105dzenia U\u017cytkownika.<\/p>\n\n\n\n<p>6. Wy\u015bwietlanie wzmianek z medi\u00f3w spo\u0142eczno\u015bciowych takich jak Facebook oraz Instagram w celu szybszego zapoznania si\u0119 z akcjami zdrowy-pies.com oraz jej spo\u0142eczno\u015bci\u0105. Dane nie s\u0105 w \u017cadne spos\u00f3b modyfikowanie na stronie internetowej.<\/p>\n\n\n\n<p>Facebook.com [administrator cookies: Facebook Inc z siedzib\u0105 w USA lub Facebook Ireland z siedzib\u0105 w Irlandii]\n\n\n\n<p>7. Zbierania og\u00f3lnych i anonimowych danych statycznych za po\u015brednictwem narz\u0119dzi analitycznych.<\/p>\n\n\n\n<p>Google.com [administrator cookies: Google Inc z siedzib\u0105 w USA]\n\n\n\n<p>III. SPOSOBY OKRE\u015aLENIA WARUNK\u00d3W PRZECHOWYWANIA LUB UZYSKIWANIA DOST\u0118P\u00d3W DO COOKIES<\/p>\n\n\n\n<p>1. U\u017cytkownik ma mo\u017cliwo\u015b\u0107 ograniczenia lub wy\u0142\u0105czenia dost\u0119pu plik\u00f3w Cookies do swojego Urz\u0105dzenia. W przypadku skorzystania z tej opcji korzystanie ze strony internetowej Administratora b\u0119dzie mo\u017cliwe, poza funkcjami, kt\u00f3re ze swojej natury wymagaj\u0105 plik\u00f3w Cookies.<\/p>\n\n\n\n<p>2. U\u017cytkownik mo\u017ce samodzielnie i w ka\u017cdym czasie zmieni\u0107 ustawienia dotycz\u0105ce plik\u00f3w Cookies, okre\u015blaj\u0105c warunki ich przechowywania i uzyskiwania dost\u0119pu przez pliki Cookies do Urz\u0105dzenia U\u017cytkownika. Zmiany ustawie\u0144, o kt\u00f3rych mowa powy\u017cej, U\u017cytkownik mo\u017ce dokona\u0107 za pomoc\u0105 ustawie\u0144 przegl\u0105darki internetowej lub za pomoc\u0105 konfiguracji us\u0142ugi. Ustawienia te mog\u0105 zosta\u0107 zmienione w szczeg\u00f3lno\u015bci w taki spos\u00f3b, aby blokowa\u0107 automatyczn\u0105 obs\u0142ug\u0119 plik\u00f3w Cookies w ustawieniach przegl\u0105darki internetowej b\u0105d\u017a informowa\u0107 o ich ka\u017cdorazowym zamieszczeniu na Urz\u0105dzeniu. Szczeg\u00f3\u0142owe informacje o mo\u017cliwo\u015bci i sposobach obs\u0142ugi plik\u00f3w Cookies dost\u0119pne s\u0105 w ustawieniach oprogramowania (przegl\u0105darki internetowej).<\/p>\n\n\n\n<p>3. U\u017cytkownik mo\u017ce w ka\u017cdej chwili usun\u0105\u0107 pliki Cookies korzystaj\u0105c z dost\u0119pnych funkcji w przegl\u0105darce internetowej, kt\u00f3rej u\u017cywa.<\/p>\n","protected":false},"excerpt":{"rendered":"<p>I. POLITYKA PRYWATNO\u015aCI 1. Administratorem Danych Osobowych na stronie internetowej pod adresem: zdrowy-pies.com, jest Refoamed&#8230;<\/p>\n","protected":false},"author":1,"featured_media":0,"parent":0,"menu_order":0,"comment_status":"closed","ping_status":"closed","template":"","meta":{"_acf_changed":false,"_editorskit_title_hidden":false,"_editorskit_reading_time":0,"_editorskit_is_block_options_detached":false,"_editorskit_block_options_position":"{}","inline_featured_image":false,"footnotes":""},"class_list":["post-6086","page","type-page","status-publish"],"acf":[],"_links":{"self":[{"href":"https:\/\/health-research.info\/pl\/wp-json\/wp\/v2\/pages\/6086","targetHints":{"allow":["GET"]}}],"collection":[{"href":"https:\/\/health-research.info\/pl\/wp-json\/wp\/v2\/pages"}],"about":[{"href":"https:\/\/health-research.info\/pl\/wp-json\/wp\/v2\/types\/page"}],"author":[{"embeddable":true,"href":"https:\/\/health-research.info\/pl\/wp-json\/wp\/v2\/users\/1"}],"replies":[{"embeddable":true,"href":"https:\/\/health-research.info\/pl\/wp-json\/wp\/v2\/comments?post=6086"}],"version-history":[{"count":1,"href":"https:\/\/health-research.info\/pl\/wp-json\/wp\/v2\/pages\/6086\/revisions"}],"predecessor-version":[{"id":6087,"href":"https:\/\/health-research.info\/pl\/wp-json\/wp\/v2\/pages\/6086\/revisions\/6087"}],"wp:attachment":[{"href":"https:\/\/health-research.info\/pl\/wp-json\/wp\/v2\/media?parent=6086"}],"curies":[{"name":"wp","href":"https:\/\/api.w.org\/{rel}","templated":true}]}}