{"id":7132,"date":"2023-03-24T00:44:05","date_gmt":"2023-03-23T23:44:05","guid":{"rendered":"https:\/\/health-research.info\/datenschutzbestimmungen\/"},"modified":"2024-02-05T19:05:34","modified_gmt":"2024-02-05T18:05:34","slug":"datenschutzbestimmungen","status":"publish","type":"page","link":"https:\/\/health-research.info\/de\/datenschutzbestimmungen\/","title":{"rendered":"Datenschutzbestimmungen"},"content":{"rendered":"\n<p>I. DATENSCHUTZ-BESTIMMUNGEN<\/p>\n\n<p>1. Der Verwalter der pers\u00f6nlichen Daten auf der Website unter: health-research.info, ist Refoamed sp. z o. o., Pasa\u017c ursynowski 11\/78, 02-784, Warszawa, Polen, NIP: 9512514698,REGON: 388236058<\/p>\n\n<p>2. Die Wahrung Ihrer Rechte als betroffene Personen und die Einhaltung der geltenden Rechtsvorschriften, insbesondere der Verordnung (EU) 2016\/679 des Europ\u00e4ischen Parlaments und des Rates vom 27. April 2016. zum Schutz nat\u00fcrlicher Personen bei der Verarbeitung personenbezogener Daten und zum freien Datenverkehr und zur Aufhebung der Richtlinie 95\/46\/EG (Datenschutz-Grundverordnung), nachstehend RODO genannt, des Gesetzes vom 10. Mai 2018 \u00fcber den Schutz personenbezogener Daten (GBl. Nr. 1000, nachstehend Gesetz genannt) und anderer einschl\u00e4giger Datenschutzvorschriften, verpflichten wir uns, die Sicherheit und Vertraulichkeit der von Ihnen erhaltenen personenbezogenen Daten zu wahren. Alle Mitarbeiter wurden angemessen in der Verarbeitung personenbezogener Daten geschult, und unser Unternehmen hat als Verwalter personenbezogener Daten geeignete Sicherheitsvorkehrungen sowie technische und organisatorische Ma\u00dfnahmen getroffen, um ein H\u00f6chstma\u00df an Schutz personenbezogener Daten zu gew\u00e4hrleisten. Wir verf\u00fcgen \u00fcber Datenschutzverfahren und -richtlinien im Einklang mit der RODO, um die Rechtm\u00e4\u00dfigkeit und Fairness unserer Datenverarbeitungsprozesse sowie die Durchsetzbarkeit Ihrer Rechte als betroffene Person zu gew\u00e4hrleisten. Dar\u00fcber hinaus arbeiten wir, falls erforderlich, mit der Aufsichtsbeh\u00f6rde in der Republik Polen zusammen, d. h. mit dem Pr\u00e4sidenten des Amtes f\u00fcr den Schutz personenbezogener Daten (im Folgenden PUODO genannt).<\/p>\n\n<p>3. Anfragen, Antr\u00e4ge, Beschwerden im Zusammenhang mit der Verarbeitung personenbezogener Daten durch unser Unternehmen (Verwalter der personenbezogenen Daten), nachstehend \u201eMitteilungen\u201c genannt, sind an folgende E-Mail-Adresse zu richten: office@refoamed.com oder schriftlich an die Anschrift des Verwalters der personenbezogenen Daten, d. h. Refoamed sp. z o. o., Pasa\u017c ursynowski 11\/78, 02-784, Warszawa, Polen, NIP: 9512514698,REGON: 388236058<\/p>\n\n<p>4. Aus dem Inhalt des Antrags muss Folgendes klar hervorgehen<\/p>\n\n<p>a) die Angaben zu der Person oder den Personen, auf die sich die Anmeldung bezieht,<\/p>\n\n<p>b) das Ereignis, das der Grund f\u00fcr die Anmeldung ist,<\/p>\n\n<p>c) Ihre Forderungen und die Rechtsgrundlage f\u00fcr diese Forderungen darlegen,<\/p>\n\n<p>d) angeben, wie Sie die Angelegenheit behandelt wissen m\u00f6chten.<\/p>\n\n<p>5. Auf unserer Website erheben wir folgende personenbezogene Daten:<\/p>\n\n<p>a) Name \u2013 beim Ausf\u00fcllen des Kontaktformulars werden Sie aufgefordert, Ihren Namen anzugeben, damit wir die M\u00f6glichkeit haben, mit Ihnen \u00fcber das Formular auf unserer Website Kontakt aufzunehmen.<\/p>\n\n<p>b) E-Mail-Adresse \u2013 wir senden Ihnen eine Best\u00e4tigung Ihrer Newsletter-Anmeldung und des Ausf\u00fcllens des Kontaktformulars \u00fcber Ihre E-Mail-Adresse.<\/p>\n\n<p>c) IP-Adresse des Ger\u00e4ts \u2013 Informationen, die sich aus den allgemeinen Grunds\u00e4tzen von Internetverbindungen ergeben, wie z. B. die IP-Adresse (und andere in Systemprotokollen enthaltene Informationen), werden vom Administrator der Website f\u00fcr technische Zwecke verwendet. IP-Adressen k\u00f6nnen auch f\u00fcr statistische Zwecke verwendet werden, insbesondere f\u00fcr die Erfassung allgemeiner demografischer Informationen (z. B. \u00fcber die Region, aus der die Verbindung hergestellt wird).<\/p>\n\n<p>6. Die Angabe der im vorstehenden Absatz genannten Daten ist in folgenden F\u00e4llen erforderlich: beim Ausf\u00fcllen des Kontaktformulars auf unserer Website, um eine Antwort auf eine \u00fcber das Kontaktformular auf unserer Website abgeschickte Anfrage zu erhalten.<\/p>\n\n<p>7. Unsere Website verwendet die Technologie der Cookies, um ihre Funktionsweise an Ihre individuellen Bed\u00fcrfnisse anzupassen. Dementsprechend k\u00f6nnen Sie damit einverstanden sein, dass die von Ihnen eingegebenen Daten und Informationen gespeichert werden, damit sie bei Ihrem n\u00e4chsten Besuch unserer Website verwendet werden k\u00f6nnen, ohne dass Sie sie erneut eingeben m\u00fcssen. Die Betreiber anderer Websites haben keinen Zugriff auf diese Daten und Informationen. Wenn Sie hingegen mit der Personalisierung der Website nicht einverstanden sind, empfehlen wir Ihnen, die Verwendung von Cookies in den Optionen Ihres Internetbrowsers zu deaktivieren.<\/p>\n\n<p>8. Als Nutzer unserer Website hat jeder von Ihnen die M\u00f6glichkeit zu w\u00e4hlen, ob und in welchem Umfang Sie unsere Dienste nutzen und Informationen und Daten \u00fcber sich selbst im Rahmen dieser Datenschutzrichtlinie weitergeben m\u00f6chten.<\/p>\n\n<p>9. Ihre personenbezogenen Daten werden von unserem Unternehmen als Verantwortlicher f\u00fcr die Verarbeitung personenbezogener Daten zum Zwecke der Bearbeitung von Anfragen \u00fcber das Kontaktformular verarbeitet. Gem\u00e4\u00df dem Grundsatz der Datenminimierung verarbeiten wir nur diejenigen Kategorien personenbezogener Daten, die zur Erreichung der im vorstehenden Satz genannten Zwecke erforderlich sind.<\/p>\n\n<p>10. Wir verarbeiten personenbezogene Daten so lange, wie es zur Erreichung der im vorstehenden Satz genannten Zwecke erforderlich ist. Personenbezogene Daten k\u00f6nnen f\u00fcr einen l\u00e4ngeren als den im vorstehenden Satz genannten Zeitraum verarbeitet werden, wenn sich eine solche Berechtigung oder Verpflichtung des f\u00fcr die Verarbeitung Verantwortlichen aus spezifischen Rechtsvorschriften ergibt oder wenn die von uns erbrachte Dienstleistung fortlaufender Natur ist.<\/p>\n\n<p>11. Die Quelle der von dem f\u00fcr die Verarbeitung Verantwortlichen verarbeiteten personenbezogenen Daten sind die betroffenen Personen.<\/p>\n\n<p>12. Ihre personenbezogenen Daten werden nicht in ein Drittland im Sinne der Bestimmungen der RODO \u00fcbermittelt.<\/p>\n\n<p>13. Wir geben keine personenbezogenen Daten ohne die ausdr\u00fcckliche Zustimmung der betroffenen Person an Dritte weiter. Personenbezogene Daten d\u00fcrfen ohne Zustimmung der betroffenen Person nur an \u00f6ffentlich-rechtliche Stellen, d.h. Beh\u00f6rden und Verwaltungen (z.B. Steuerbeh\u00f6rden, Strafverfolgungsbeh\u00f6rden und andere durch allgemein g\u00fcltige Gesetze autorisierte Stellen) weitergegeben werden.<\/p>\n\n<p>14. Personenbezogene Daten k\u00f6nnen zur Verarbeitung an Stellen \u00fcbertragen werden, die diese Daten im Auftrag unseres Unternehmens als Verantwortlicher f\u00fcr personenbezogene Daten verarbeiten. In einem solchen Fall schlie\u00dfen wir als f\u00fcr die Verarbeitung personenbezogener Daten Verantwortlicher mit dem Auftragsverarbeiter eine Vereinbarung \u00fcber die Verarbeitung personenbezogener Daten ab. Der Auftragsverarbeiter verarbeitet die ihm anvertrauten personenbezogenen Daten nur zu den Zwecken, in dem Umfang und zu den Zwecken, die in der im vorstehenden Satz genannten Betrauungsvereinbarung angegeben sind. Ohne die Betrauung mit der Verarbeitung Ihrer personenbezogenen Daten w\u00e4ren wir nicht in der Lage, unsere Aktivit\u00e4ten auf der Website durchzuf\u00fchren oder Ihnen Antworten auf Ihre Fragen zu geben. Als f\u00fcr die Verarbeitung personenbezogener Daten Verantwortlicher vertrauen wir personenbezogene Daten zur Verarbeitung an:<\/p>\n\n<p>a) denjenigen, die Hosting-Dienste f\u00fcr die Website anbieten, auf der unsere Website betrieben wird,<\/p>\n\n<p>b) die Postdienste erbringen,<\/p>\n\n<p>c) die f\u00fcr uns als f\u00fcr die Verarbeitung personenbezogener Daten Verantwortliche andere Dienstleistungen erbringen, die f\u00fcr den t\u00e4glichen Betrieb des Online-Shops erforderlich sind.<\/p>\n\n<p>Personenbezogene Daten unterliegen nicht dem Profiling durch den Verantwortlichen f\u00fcr die personenbezogenen Daten.<\/p>\n\n<p>16. Gem\u00e4\u00df den Bestimmungen der DSGVO hat jede Person, deren personenbezogene Daten wir als Verantwortlicher f\u00fcr die Verarbeitung personenbezogener Daten verarbeiten, das Recht auf:<\/p>\n\n<p>a) \u00fcber die Verarbeitung personenbezogener Daten gem\u00e4\u00df Artikel 12 der RODO informiert zu werden \u2013 der f\u00fcr die Verarbeitung Verantwortliche ist verpflichtet, Ihnen als betroffenen Personen die in der RODO festgelegten Informationen zur Verf\u00fcgung zu stellen (u. a. \u00fcber Ihre Daten, die Kontaktdaten des DSB, die Zwecke und rechtlichen Gr\u00fcnde f\u00fcr die Verarbeitung personenbezogener Daten, die Empf\u00e4nger oder Kategorien von Empf\u00e4ngern personenbezogener Daten, falls vorhanden, oder den Zeitraum, f\u00fcr den die Daten verarbeitet werden, oder die Kriterien f\u00fcr die Festlegung dieses Zeitraums); dieser Verpflichtung ist bereits zum Zeitpunkt der Datenerhebung nachzukommen (d. h., z. B. Diese Verpflichtung ist bereits zum Zeitpunkt der Datenerhebung zu erf\u00fcllen (d.h. wenn die Person das Kontaktformular auf der Website abschickt) oder, wenn die Daten nicht von der betroffenen Person, sondern aus einer anderen Quelle stammen, innerhalb einer angemessenen Frist, die von den Umst\u00e4nden abh\u00e4ngt; der f\u00fcr die Verarbeitung Verantwortliche kann davon absehen, diese Informationen zu erteilen, wenn die betroffene Person sie bereits hat,<\/p>\n\n<p>b) Zugang zu Ihren personenbezogenen Daten gem\u00e4\u00df Artikel 15 der DSGVO \u2013 wenn Sie uns personenbezogene Daten zur Verf\u00fcgung stellen, haben Sie das Recht, diese einzusehen und auf sie zuzugreifen; dies bedeutet jedoch nicht, dass Sie das Recht haben, auf alle Dokumente zuzugreifen, auf denen Ihre Daten erscheinen, da diese vertrauliche Informationen enthalten k\u00f6nnen; Sie haben jedoch das Recht zu erfahren, um welche Daten es sich handelt und zu welchem Zweck wir sie verarbeiten, und das Recht, eine Kopie Ihrer personenbezogenen Daten zu erhalten, wobei die erste Kopie kostenlos ausgestellt wird und wir f\u00fcr jede weitere Kopie gem\u00e4\u00df den Bestimmungen der DSGVO eine angemessene Verwaltungsgeb\u00fchr erheben, die den Kosten f\u00fcr die Erstellung der Kopie entspricht,<\/p>\n\n<p>c) Berichtigung, Vervollst\u00e4ndigung, Aktualisierung, Richtigstellung personenbezogener Daten gem\u00e4\u00df Artikel 16 der RODO \u2013 wenn sich Ihre personenbezogenen Daten ge\u00e4ndert haben, informieren Sie uns als f\u00fcr die Verarbeitung Verantwortlicher dar\u00fcber, damit die bei uns gespeicherten Daten sachlich richtig und auf dem neuesten Stand sind; auch wenn sich Ihre personenbezogenen Daten nicht ge\u00e4ndert haben, die Daten aber aus irgendeinem Grund unrichtig sind oder falsch erfasst wurden (z. B. infolge eines Schreibfehlers), informieren Sie uns bitte, damit wir diese Daten berichtigen oder korrigieren k\u00f6nnen,<\/p>\n\n<p>d) L\u00f6schung von Daten (Recht auf Vergessenwerden) gem\u00e4\u00df Artikel 17 der DSGVO \u2013 mit anderen Worten, Sie haben das Recht, die \u201eL\u00f6schung\u201c von Daten zu verlangen, die sich in unserem Besitz als f\u00fcr die Verarbeitung Verantwortlicher befinden, und das Recht, von uns als f\u00fcr die Verarbeitung Verantwortlichem zu verlangen, andere f\u00fcr die Verarbeitung Verantwortliche, denen wir Ihre Daten zur Verf\u00fcgung gestellt haben, \u00fcber die Notwendigkeit der L\u00f6schung zu informieren. Sie k\u00f6nnen die L\u00f6schung Ihrer personenbezogenen Daten insbesondere dann verlangen, wenn:<\/p>\n\n<p>die Zwecke, f\u00fcr die die personenbezogenen Daten erhoben wurden, erreicht wurden, z. B. wenn wir den mit Ihnen geschlossenen Kaufvertrag vollst\u00e4ndig erf\u00fcllt haben, die Grundlage f\u00fcr die Verarbeitung Ihrer personenbezogenen Daten ausschlie\u00dflich die Einwilligung war, die sp\u00e4ter widerrufen wurde und es keine andere Rechtsgrundlage f\u00fcr die weitere Verarbeitung Ihrer personenbezogenen Daten gibt, Sie auf der Grundlage von Artikel 21 der DSGVO Widerspruch eingelegt haben und Sie der Ansicht sind, dass wir keine zwingenden rechtlichen Gr\u00fcnde haben, die die weitere Verarbeitung Ihrer personenbezogenen Daten erlauben, Ihre personenbezogenen Daten unrechtm\u00e4\u00dfig verarbeitet wurden, d. h. zu unrechtm\u00e4\u00dfigen Zwecken oder ohne jegliche Grundlage f\u00fcr die Verarbeitung Ihrer personenbezogenen Daten \u2013 bitte beachten Sie, dass Sie in diesem Fall eine Grundlage f\u00fcr Ihren Antrag haben m\u00fcssen, die Notwendigkeit der L\u00f6schung Ihrer personenbezogenen Daten sich aus dem Gesetz ergibt, die personenbezogenen Daten sich auf einen Minderj\u00e4hrigen beziehen und im Zusammenhang mit der Bereitstellung von Diensten der Informationsgesellschaft erhoben wurden,<\/p>\n\n<p>e) Einschr\u00e4nkung der Verarbeitung gem\u00e4\u00df Artikel 18 der DSGVO \u2013 Sie k\u00f6nnen bei unserem Unternehmen die Einschr\u00e4nkung der Verarbeitung Ihrer personenbezogenen Daten beantragen (was darin bestehen w\u00fcrde, dass unser Unternehmen diese bis zur Kl\u00e4rung des Streitfalls in erster Linie nur noch speichert), wenn: Sie die Richtigkeit Ihrer personenbezogenen Daten anzweifeln oder Sie der Meinung sind, dass wir Ihre Daten ohne Rechtsgrundlage verarbeiten, Sie aber gleichzeitig nicht m\u00f6chten, dass wir die personenbezogenen Daten l\u00f6schen (d. h. Sie machen nicht von dem im vorangegangenen Schreiben genannten Recht Gebrauch), oder Sie einen Widerspruch gem\u00e4\u00df Punkt. (f) dieses Punktes eingelegt haben, oder Ihre personenbezogenen Daten zur Begr\u00fcndung, Geltendmachung oder Verteidigung von Anspr\u00fcchen, z. B. vor Gericht, ben\u00f6tigt werden,<\/p>\n\n<p>f) Daten\u00fcbertragbarkeit gem\u00e4\u00df Artikel 20 RODO \u2013 Sie haben das Recht, Ihre Daten in einem computerlesbaren Format zu erhalten und das Recht, dass Ihre Daten in einem solchen Format an einen anderen f\u00fcr die Verarbeitung Verantwortlichen \u00fcbermittelt werden; dieses Recht steht Ihnen nur zu, wenn die Verarbeitung Ihrer Daten auf einer Einwilligung beruht oder wenn die Daten mit automatisierten Mitteln verarbeitet wurden,<\/p>\n\n<p>g) der Verarbeitung Ihrer personenbezogenen Daten gem\u00e4\u00df Artikel 21 der DSGVO zu widersprechen \u2013 Sie haben das Recht, der Verarbeitung Ihrer personenbezogenen Daten zu widersprechen, wenn Sie mit der Verarbeitung Ihrer personenbezogenen Daten, die wir bereits f\u00fcr rechtm\u00e4\u00dfige Zwecke im Einklang mit dem Gesetz verarbeitet haben, nicht einverstanden sind; insbesondere haben Sie das Recht, der Verarbeitung Ihrer personenbezogenen Daten f\u00fcr Zwecke des Direktmarketings zu widersprechen,<\/p>\n\n<p>h) kein Pro\ufb01ling im Sinne von Artikel 22 in Verbindung mit Artikel , 4 Absatz 4 der DSGVO zu betreiben \u2013 in unserem Online-Shop werden Sie keiner automatisierten Entscheidungsfindung oder einem Profiling im Sinne der DSGVO unterzogen, es sei denn, Sie haben Ihre Einwilligung gegeben; au\u00dferdem werden wir Sie stets \u00fcber ein Profiling informieren, falls es stattfindet<\/p>\n\n<p>i) eine Beschwerde bei der Aufsichtsbeh\u00f6rde (d. h. dem Pr\u00e4sidenten des Amtes f\u00fcr den Schutz personenbezogener Daten) gem\u00e4\u00df Artikel 77 der DSGVO einzureichen, wenn Sie der Ansicht sind, dass wir Ihre personenbezogenen Daten unrechtm\u00e4\u00dfig verarbeiten oder in irgendeiner Weise Ihre Rechte nach den allgemein geltenden Datenschutzvorschriften verletzen.<\/p>\n\n<p>17. In Bezug auf das Recht auf L\u00f6schung (Recht auf Vergessenwerden) weisen wir darauf hin, dass Sie nach den Bestimmungen der RODO nicht das Recht haben, dieses Recht auszu\u00fcben, wenn:<\/p>\n\n<p>a) die Verarbeitung Ihrer personenbezogenen Daten f\u00fcr die Aus\u00fcbung Ihres Rechts auf freie Meinungs\u00e4u\u00dferung und Information erforderlich ist, z. B. wenn Sie Ihre Daten in einem Blog, in Kommentaren usw. ver\u00f6ffentlicht haben<\/p>\n\n<p>b) die Verarbeitung Ihrer personenbezogenen Daten ist erforderlich, damit unser Unternehmen seinen gesetzlichen Verpflichtungen nachkommen kann \u2013 wir k\u00f6nnen Ihre Daten nicht f\u00fcr den Zeitraum l\u00f6schen, der erforderlich ist, um den uns vom Gesetz auferlegten Verpflichtungen (z. B. steuerlichen Verpflichtungen) nachzukommen,<\/p>\n\n<p>c) die Verarbeitung Ihrer Daten zum Zwecke der Ermittlung, Feststellung oder Abwehr von Anspr\u00fcchen erfolgt.<\/p>\n\n<p>18. Wenn Sie Ihre im vorstehenden Absatz genannten Rechte aus\u00fcben m\u00f6chten, verwenden Sie bitte die entsprechenden Registerkarten auf der Website, die es Ihnen erm\u00f6glichen, Ihr Konto und die auf unserer Website gespeicherten Daten zu l\u00f6schen, oder senden Sie eine Mitteilung per E-Mail an: office@refoamed.com oder schriftlich an die in Absatz 3 genannte Postanschrift. 3 oben.<\/p>\n\n<p>19. Jede festgestellte Sicherheitsverletzung ist zu dokumentieren, und im Falle eines der in den Bestimmungen der RODO oder des Gesetzes genannten F\u00e4lle sind die betroffenen Personen und gegebenenfalls die PUODO \u00fcber eine solche Datenverletzung zu informieren.<\/p>\n\n<p>20. Alle in Gro\u00dfbuchstaben geschriebenen W\u00f6rter haben die Bedeutung, die ihnen in den Allgemeinen Gesch\u00e4ftsbedingungen unseres Online-Shops gegeben wird, sofern in dieser Datenschutzrichtlinie nicht anders angegeben.<\/p>\n\n<p>21. In Angelegenheiten, die in dieser Datenschutzrichtlinie nicht geregelt sind, gelten die einschl\u00e4gigen Bestimmungen des allgemein anwendbaren Rechts. Im Falle von Widerspr\u00fcchen zwischen den Bestimmungen dieser Datenschutzerkl\u00e4rung und den vorgenannten Vorschriften haben diese Vorschriften Vorrang.<\/p>\n\n<p>II. COOKIES-POLITIK<\/p>\n\n<p>I. DEFINITIONEN<\/p>\n\n<p>1. Verwalter \u2013 Refoamed sp. z o. o., Pasa\u017c ursynowski 11\/78, 02-784, Warszawa, Polen, NIP: 9512514698,REGON: 388236058<\/p>\n\n<p>Cookies \u2013 Computerdaten, kleine Textdateien, die auf den Ger\u00e4ten gespeichert werden, \u00fcber die der Nutzer auf die Website des Administrators zugreift. 2.<\/p>\n\n<p>2. Ger\u00e4t \u2013 ein elektronisches Ger\u00e4t, \u00fcber das der Nutzer auf die Website des Verwalters zugreift.<\/p>\n\n<p>3. Nutzer \u2013 ist eine Person, der gem\u00e4\u00df den Vorschriften und gesetzlichen Bestimmungen elektronische Dienstleistungen erbracht werden k\u00f6nnen oder mit der ein Vertrag \u00fcber die Erbringung elektronischer Dienstleistungen geschlossen werden kann.<\/p>\n\n<p>II. VERWENDUNG VON COOKIES<\/p>\n\n<p>1. Der Administrator verwendet auf der Website Cookies.<\/p>\n\n<p>2. Die durch Cookies gesammelten Informationen werden zur Optimierung der Website sowie f\u00fcr statistische und Werbezwecke verwendet.<\/p>\n\n<p>3. Die Cookies zeichnen die Aktivit\u00e4ten des Nutzers der Website auf, indem sie das Ger\u00e4t erkennen, wodurch die Website auf die individuellen Pr\u00e4ferenzen des Nutzers hin optimiert wird.<\/p>\n\n<p>4. Die auf der Website verwendeten L\u00f6sungen sind f\u00fcr die Ger\u00e4te der Nutzer, die die Website des Administrators nutzen, sicher. Es ist nicht m\u00f6glich, dass gef\u00e4hrliche oder b\u00f6sartige Software auf das Ger\u00e4t des Nutzers gelangt.<\/p>\n\n<p>5. Der Administrator verwendet zwei Arten von Cookies:<\/p>\n\n<p>a) Session-Cookies: Dies sind Dateien, die auf dem Ger\u00e4t des Nutzers gespeichert werden und dort verbleiben, bis die Sitzung des jeweiligen Browsers endet. Die gespeicherten Informationen werden dann dauerhaft aus dem Speicher des Ger\u00e4ts gel\u00f6scht. Der Mechanismus der Session-Cookies erlaubt es nicht, pers\u00f6nliche Daten oder vertrauliche Informationen auf dem Ger\u00e4t des Nutzers zu sammeln.<\/p>\n\n<p>b) Dauerhafte Cookies: Diese werden auf dem Ger\u00e4t des Nutzers gespeichert und bleiben dort, bis sie gel\u00f6scht werden. Das Ende der Sitzung des betreffenden Browsers oder das Ausschalten des Ger\u00e4ts l\u00f6scht sie nicht von dem Ger\u00e4t. Der Mechanismus der dauerhaften Cookies erm\u00f6glicht es nicht, pers\u00f6nliche Daten oder vertrauliche Informationen vom Ger\u00e4t des Nutzers abzurufen.<\/p>\n\n<p>6. Anzeige von Erw\u00e4hnungen aus sozialen Medien wie Facebook und Instagram, um einen schnelleren \u00dcberblick \u00fcber die Aktionen von gesunder-wunde.com und seiner Community zu erhalten. Die Daten werden auf der Website in keiner Weise ver\u00e4ndert.<\/p>\n\n<p>Facebook.com [Cookie-Verwalter: Facebook Inc mit Sitz in den USA oder Facebook Ireland mit Sitz in Irland].<\/p>\n\n<p>7. Sammlung allgemeiner und anonymer statistischer Daten \u00fcber Analysetools.<\/p>\n\n<p>Google.com [Cookie-Administrator: Google Inc. mit Sitz in den USA].<\/p>\n\n<p>III. MITTEL ZUR DEFINITION DER BEDINGUNGEN F\u00dcR DIE SPEICHERUNG VON ODER DEN ZUGRIFF AUF COOKIES<\/p>\n\n<p>1. Der Nutzer hat die M\u00f6glichkeit, den Zugriff von Cookies auf sein Ger\u00e4t zu beschr\u00e4nken oder zu deaktivieren. Wird von dieser M\u00f6glichkeit Gebrauch gemacht, ist die Nutzung der Website des Administrators m\u00f6glich, mit Ausnahme von Funktionen, die ihrer Natur nach Cookies erfordern.<\/p>\n\n<p>2. Der Nutzer kann selbst\u00e4ndig und jederzeit die Einstellungen bez\u00fcglich Cookies \u00e4ndern, indem er die Bedingungen f\u00fcr die Speicherung von und den Zugriff auf Cookies auf dem Ger\u00e4t des Nutzers festlegt. Der Nutzer kann die vorgenannten Einstellungen \u00fcber die Einstellungen seines Internetbrowsers oder \u00fcber die Konfiguration des Dienstes \u00e4ndern. Diese Einstellungen k\u00f6nnen insbesondere dahingehend ge\u00e4ndert werden, dass die automatische Behandlung von Cookies in den Einstellungen des Webbrowsers blockiert wird oder dass jedes Mal \u00fcber ihre Platzierung auf dem Ger\u00e4t informiert wird. Detaillierte Informationen \u00fcber die M\u00f6glichkeiten und Methoden der Verwendung von Cookies sind in den Einstellungen Ihrer Software (Webbrowser) verf\u00fcgbar.<\/p>\n\n<p>3. Der Nutzer kann Cookies jederzeit \u00fcber die verf\u00fcgbaren Funktionen des von ihm verwendeten Internetbrowsers l\u00f6schen.<\/p>\n","protected":false},"excerpt":{"rendered":"<p>I. DATENSCHUTZ-BESTIMMUNGEN 1. Der Verwalter der pers\u00f6nlichen Daten auf der Website unter: health-research.info, ist Refoamed&#8230;<\/p>\n","protected":false},"author":1,"featured_media":0,"parent":0,"menu_order":0,"comment_status":"closed","ping_status":"closed","template":"","meta":{"_acf_changed":false,"_editorskit_title_hidden":false,"_editorskit_reading_time":0,"_editorskit_is_block_options_detached":false,"_editorskit_block_options_position":"{}","inline_featured_image":false,"footnotes":""},"class_list":["post-7132","page","type-page","status-publish"],"acf":[],"_links":{"self":[{"href":"https:\/\/health-research.info\/de\/wp-json\/wp\/v2\/pages\/7132","targetHints":{"allow":["GET"]}}],"collection":[{"href":"https:\/\/health-research.info\/de\/wp-json\/wp\/v2\/pages"}],"about":[{"href":"https:\/\/health-research.info\/de\/wp-json\/wp\/v2\/types\/page"}],"author":[{"embeddable":true,"href":"https:\/\/health-research.info\/de\/wp-json\/wp\/v2\/users\/1"}],"replies":[{"embeddable":true,"href":"https:\/\/health-research.info\/de\/wp-json\/wp\/v2\/comments?post=7132"}],"version-history":[{"count":1,"href":"https:\/\/health-research.info\/de\/wp-json\/wp\/v2\/pages\/7132\/revisions"}],"predecessor-version":[{"id":7133,"href":"https:\/\/health-research.info\/de\/wp-json\/wp\/v2\/pages\/7132\/revisions\/7133"}],"wp:attachment":[{"href":"https:\/\/health-research.info\/de\/wp-json\/wp\/v2\/media?parent=7132"}],"curies":[{"name":"wp","href":"https:\/\/api.w.org\/{rel}","templated":true}]}}